{"id":101,"date":"2017-02-24T18:02:16","date_gmt":"2017-02-24T21:02:16","guid":{"rendered":"http:\/\/acaoeducativa.org.br\/es\/?page_id=101"},"modified":"2017-03-07T13:14:58","modified_gmt":"2017-03-07T16:14:58","slug":"posicionamientos-publicos","status":"publish","type":"page","link":"https:\/\/acaoeducativa.org.br\/es\/sobre-nosotros\/posicionamientos-publicos\/","title":{"rendered":"Posicionamientos p\u00fablicos"},"content":{"rendered":"<p>Explicitar posiciones sobre temas relacionados a la educaci\u00f3n, cultura y juventud es un medio de calificar el debate p\u00fablico y fortalecer la democracia.<\/p>\n<p>A\u00e7\u00e3o Educativa construye sus posiciones pol\u00edticas sobre temas relevantes de la coyuntura con base en sus experiencias, investigaciones e interlocuci\u00f3n con los distintos actores involucrados. Apostamos en la participaci\u00f3n social para influenciar las pol\u00edticas p\u00fablicas.<\/p>\n","protected":false},"excerpt":{"rendered":"<p>Explicitar posiciones sobre temas relacionados a la educaci\u00f3n, cultura y juventud es un medio de calificar el debate p\u00fablico y fortalecer la democracia. A\u00e7\u00e3o Educativa construye sus posiciones pol\u00edticas sobre temas relevantes de la coyuntura con base en sus experiencias, investigaciones e interlocuci\u00f3n con los distintos actores involucrados. Apostamos en la participaci\u00f3n social para influenciar [&hellip;]<\/p>\n","protected":false},"author":1,"featured_media":256,"parent":19,"menu_order":50,"comment_status":"closed","ping_status":"closed","template":"templates\/custom-about-position.php","meta":[],"acf":[],"_links":{"self":[{"href":"https:\/\/acaoeducativa.org.br\/es\/wp-json\/wp\/v2\/pages\/101"}],"collection":[{"href":"https:\/\/acaoeducativa.org.br\/es\/wp-json\/wp\/v2\/pages"}],"about":[{"href":"https:\/\/acaoeducativa.org.br\/es\/wp-json\/wp\/v2\/types\/page"}],"author":[{"embeddable":true,"href":"https:\/\/acaoeducativa.org.br\/es\/wp-json\/wp\/v2\/users\/1"}],"replies":[{"embeddable":true,"href":"https:\/\/acaoeducativa.org.br\/es\/wp-json\/wp\/v2\/comments?post=101"}],"version-history":[{"count":3,"href":"https:\/\/acaoeducativa.org.br\/es\/wp-json\/wp\/v2\/pages\/101\/revisions"}],"predecessor-version":[{"id":445,"href":"https:\/\/acaoeducativa.org.br\/es\/wp-json\/wp\/v2\/pages\/101\/revisions\/445"}],"up":[{"embeddable":true,"href":"https:\/\/acaoeducativa.org.br\/es\/wp-json\/wp\/v2\/pages\/19"}],"wp:featuredmedia":[{"embeddable":true,"href":"https:\/\/acaoeducativa.org.br\/es\/wp-json\/wp\/v2\/media\/256"}],"wp:attachment":[{"href":"https:\/\/acaoeducativa.org.br\/es\/wp-json\/wp\/v2\/media?parent=101"}],"curies":[{"name":"wp","href":"https:\/\/api.w.org\/{rel}","templated":true}]}}