{"id":104,"date":"2017-02-24T18:04:06","date_gmt":"2017-02-24T21:04:06","guid":{"rendered":"http:\/\/acaoeducativa.org.br\/es\/?page_id=104"},"modified":"2017-03-07T13:17:57","modified_gmt":"2017-03-07T16:17:57","slug":"supporters","status":"publish","type":"page","link":"https:\/\/acaoeducativa.org.br\/es\/sobre-nosotros\/supporters\/","title":{"rendered":"Apoyadores"},"content":{"rendered":"<p>Para A\u00e7\u00e3o Educativa, sostenibilidad pol\u00edtica y financiera son dos lados de una misma moneda. Nuestros financiadores son nuestros colaboradores, creen y comparten nuestra misi\u00f3n.<\/p>\n<p>La organizaci\u00f3n posee apoyos al proyecto institucional y a proyectos espec\u00edficos. El proyecto institucional de la A\u00e7\u00e3o Educativa, descrito en su Plan Trienal, tiene el apoyo de EED \u2013 Servicio de las Iglesias Evang\u00e9licas en Alemania para el Desarrollo y de sus socios mantenedores, que pueden ser personas f\u00edsicas y empresas.<\/p>\n","protected":false},"excerpt":{"rendered":"<p>Para A\u00e7\u00e3o Educativa, sostenibilidad pol\u00edtica y financiera son dos lados de una misma moneda. Nuestros financiadores son nuestros colaboradores, creen y comparten nuestra misi\u00f3n. La organizaci\u00f3n posee apoyos al proyecto institucional y a proyectos espec\u00edficos. El proyecto institucional de la A\u00e7\u00e3o Educativa, descrito en su Plan Trienal, tiene el apoyo de EED \u2013 Servicio de [&hellip;]<\/p>\n","protected":false},"author":1,"featured_media":257,"parent":19,"menu_order":60,"comment_status":"closed","ping_status":"closed","template":"templates\/custom-about-supporters.php","meta":[],"acf":[],"_links":{"self":[{"href":"https:\/\/acaoeducativa.org.br\/es\/wp-json\/wp\/v2\/pages\/104"}],"collection":[{"href":"https:\/\/acaoeducativa.org.br\/es\/wp-json\/wp\/v2\/pages"}],"about":[{"href":"https:\/\/acaoeducativa.org.br\/es\/wp-json\/wp\/v2\/types\/page"}],"author":[{"embeddable":true,"href":"https:\/\/acaoeducativa.org.br\/es\/wp-json\/wp\/v2\/users\/1"}],"replies":[{"embeddable":true,"href":"https:\/\/acaoeducativa.org.br\/es\/wp-json\/wp\/v2\/comments?post=104"}],"version-history":[{"count":3,"href":"https:\/\/acaoeducativa.org.br\/es\/wp-json\/wp\/v2\/pages\/104\/revisions"}],"predecessor-version":[{"id":449,"href":"https:\/\/acaoeducativa.org.br\/es\/wp-json\/wp\/v2\/pages\/104\/revisions\/449"}],"up":[{"embeddable":true,"href":"https:\/\/acaoeducativa.org.br\/es\/wp-json\/wp\/v2\/pages\/19"}],"wp:featuredmedia":[{"embeddable":true,"href":"https:\/\/acaoeducativa.org.br\/es\/wp-json\/wp\/v2\/media\/257"}],"wp:attachment":[{"href":"https:\/\/acaoeducativa.org.br\/es\/wp-json\/wp\/v2\/media?parent=104"}],"curies":[{"name":"wp","href":"https:\/\/api.w.org\/{rel}","templated":true}]}}