{"id":16,"date":"2017-02-24T13:15:55","date_gmt":"2017-02-24T16:15:55","guid":{"rendered":"http:\/\/acaoeducativa.org.br\/es\/?page_id=16"},"modified":"2017-03-16T16:47:42","modified_gmt":"2017-03-16T19:47:42","slug":"contacto","status":"publish","type":"page","link":"https:\/\/acaoeducativa.org.br\/es\/contacto\/","title":{"rendered":"Contacto"},"content":{"rendered":"<p>\u00bfQuiere saber m\u00e1s sobre la A\u00e7\u00e3o Educativa?<\/p>\n<p>Ofrecemos un canal de comunicaci\u00f3n para el env\u00edo de dudas, sugerencias, reclamos y elogios. Vea el formulario en el final de la p\u00e1gina.<\/p>\n<p><strong>Si usted es periodista, entre en contacto con nuestro Sector de Comunicaci\u00f3n:<\/strong><\/p>\n<p><strong>Juliane Cintra, Coordinadora de Comunicaci\u00f3n<\/strong><br \/>\n<a href=\"mailto:juliane.cintra@acaoeducativa.org\">juliane.cintra@acaoeducativa.org<\/a><br \/>\n+55 (11) 3151-2333 \u2013 Interno 160\u00a0 \/\u00a0 +55 (11) 98958-9000<\/p>\n<p><strong>Denise Eloy, Analista de Comunicaci\u00f3n<\/strong><br \/>\n<a href=\"mailto:denise.eloy@acaoeducativa.org\">denise.eloy@acaoeducativa.org<\/a><br \/>\n+55 (11) 3151-2333 Interno 129<\/p>\n","protected":false},"excerpt":{"rendered":"<p>\u00bfQuiere saber m\u00e1s sobre la A\u00e7\u00e3o Educativa? Ofrecemos un canal de comunicaci\u00f3n para el env\u00edo de dudas, sugerencias, reclamos y elogios. Vea el formulario en el final de la p\u00e1gina. Si usted es periodista, entre en contacto con nuestro Sector de Comunicaci\u00f3n: Juliane Cintra, Coordinadora de Comunicaci\u00f3n juliane.cintra@acaoeducativa.org +55 (11) 3151-2333 \u2013 Interno 160\u00a0 \/\u00a0 [&hellip;]<\/p>\n","protected":false},"author":1,"featured_media":271,"parent":0,"menu_order":60,"comment_status":"closed","ping_status":"closed","template":"templates\/custom-contact.php","meta":[],"acf":[],"_links":{"self":[{"href":"https:\/\/acaoeducativa.org.br\/es\/wp-json\/wp\/v2\/pages\/16"}],"collection":[{"href":"https:\/\/acaoeducativa.org.br\/es\/wp-json\/wp\/v2\/pages"}],"about":[{"href":"https:\/\/acaoeducativa.org.br\/es\/wp-json\/wp\/v2\/types\/page"}],"author":[{"embeddable":true,"href":"https:\/\/acaoeducativa.org.br\/es\/wp-json\/wp\/v2\/users\/1"}],"replies":[{"embeddable":true,"href":"https:\/\/acaoeducativa.org.br\/es\/wp-json\/wp\/v2\/comments?post=16"}],"version-history":[{"count":4,"href":"https:\/\/acaoeducativa.org.br\/es\/wp-json\/wp\/v2\/pages\/16\/revisions"}],"predecessor-version":[{"id":471,"href":"https:\/\/acaoeducativa.org.br\/es\/wp-json\/wp\/v2\/pages\/16\/revisions\/471"}],"wp:featuredmedia":[{"embeddable":true,"href":"https:\/\/acaoeducativa.org.br\/es\/wp-json\/wp\/v2\/media\/271"}],"wp:attachment":[{"href":"https:\/\/acaoeducativa.org.br\/es\/wp-json\/wp\/v2\/media?parent=16"}],"curies":[{"name":"wp","href":"https:\/\/api.w.org\/{rel}","templated":true}]}}