{"id":19,"date":"2017-02-24T13:19:31","date_gmt":"2017-02-24T16:19:31","guid":{"rendered":"http:\/\/acaoeducativa.org.br\/es\/?page_id=19"},"modified":"2017-03-07T11:09:15","modified_gmt":"2017-03-07T14:09:15","slug":"sobre-nosotros","status":"publish","type":"page","link":"https:\/\/acaoeducativa.org.br\/es\/sobre-nosotros\/","title":{"rendered":"Sobre nosotros"},"content":{"rendered":"<p>Fundada en 1994, la A\u00e7\u00e3o Educativa es una asociaci\u00f3n civil sin fines lucrativos que act\u00faa en los campos de la educaci\u00f3n, de la cultura y de la juventud, desde una perspectiva de los derechos humanos.<\/p>\n<p>Para tanto, realiza actividades de formaci\u00f3n y apoyo a grupos de educadores, j\u00f3venes y agentes culturales. Integra campa\u00f1as y otras acciones colectivas que se dirigen a la realizaci\u00f3n de esos derechos. Desarrolla investigaciones y metodolog\u00edas participativas con enfoque en la construcci\u00f3n de pol\u00edticas p\u00fablicas sintonizadas con las necesidades e intereses de la poblaci\u00f3n.<\/p>\n<p>Es su misi\u00f3n la defensa de los derechos educativos, culturales y de la juventud, teniendo en vista la promoci\u00f3n de la democracia, de la justicia social y de la sostenibilidad socioambiental en Brasil.<\/p>\n","protected":false},"excerpt":{"rendered":"<p>Fundada en 1994, la A\u00e7\u00e3o Educativa es una asociaci\u00f3n civil sin fines lucrativos que act\u00faa en los campos de la educaci\u00f3n, de la cultura y de la juventud, desde una perspectiva de los derechos humanos. Para tanto, realiza actividades de formaci\u00f3n y apoyo a grupos de educadores, j\u00f3venes y agentes culturales. Integra campa\u00f1as y otras [&hellip;]<\/p>\n","protected":false},"author":1,"featured_media":172,"parent":0,"menu_order":10,"comment_status":"closed","ping_status":"closed","template":"templates\/custom-about.php","meta":[],"acf":[],"_links":{"self":[{"href":"https:\/\/acaoeducativa.org.br\/es\/wp-json\/wp\/v2\/pages\/19"}],"collection":[{"href":"https:\/\/acaoeducativa.org.br\/es\/wp-json\/wp\/v2\/pages"}],"about":[{"href":"https:\/\/acaoeducativa.org.br\/es\/wp-json\/wp\/v2\/types\/page"}],"author":[{"embeddable":true,"href":"https:\/\/acaoeducativa.org.br\/es\/wp-json\/wp\/v2\/users\/1"}],"replies":[{"embeddable":true,"href":"https:\/\/acaoeducativa.org.br\/es\/wp-json\/wp\/v2\/comments?post=19"}],"version-history":[{"count":4,"href":"https:\/\/acaoeducativa.org.br\/es\/wp-json\/wp\/v2\/pages\/19\/revisions"}],"predecessor-version":[{"id":430,"href":"https:\/\/acaoeducativa.org.br\/es\/wp-json\/wp\/v2\/pages\/19\/revisions\/430"}],"wp:featuredmedia":[{"embeddable":true,"href":"https:\/\/acaoeducativa.org.br\/es\/wp-json\/wp\/v2\/media\/172"}],"wp:attachment":[{"href":"https:\/\/acaoeducativa.org.br\/es\/wp-json\/wp\/v2\/media?parent=19"}],"curies":[{"name":"wp","href":"https:\/\/api.w.org\/{rel}","templated":true}]}}