{"id":23,"date":"2017-02-24T13:25:59","date_gmt":"2017-02-24T16:25:59","guid":{"rendered":"http:\/\/acaoeducativa.org.br\/es\/?page_id=23"},"modified":"2017-03-07T11:50:52","modified_gmt":"2017-03-07T14:50:52","slug":"que-hacemos","status":"publish","type":"page","link":"https:\/\/acaoeducativa.org.br\/es\/que-hacemos\/","title":{"rendered":"Qu\u00e9 hacemos"},"content":{"rendered":"<p>Articular distintas estrategias y personas: ese es el diferencial que brinda potencia y calidad a A\u00e7\u00e3o Educativa.<\/p>\n<p>Con enfoque en las \u00e1reas de la cultura, educaci\u00f3n y juventud, A\u00e7\u00e3o Educativa se dedica a la formaci\u00f3n de educadores, de j\u00f3venes y agentes culturales; la producci\u00f3n de materiales did\u00e1cticos y metodolog\u00edas participativas; la difusi\u00f3n cultural; la investigaci\u00f3n, informaci\u00f3n y movilizaci\u00f3n social. Act\u00faa en redes de ense\u00f1anza y escuelas, \u00f3rganos p\u00fablicos y organizaciones de la sociedad civil (OSCs), colectivos y comunidades, as\u00ed como en articulaciones en Brasil y en el mundo.<\/p>\n","protected":false},"excerpt":{"rendered":"<p>Articular distintas estrategias y personas: ese es el diferencial que brinda potencia y calidad a A\u00e7\u00e3o Educativa. Con enfoque en las \u00e1reas de la cultura, educaci\u00f3n y juventud, A\u00e7\u00e3o Educativa se dedica a la formaci\u00f3n de educadores, de j\u00f3venes y agentes culturales; la producci\u00f3n de materiales did\u00e1cticos y metodolog\u00edas participativas; la difusi\u00f3n cultural; la investigaci\u00f3n, [&hellip;]<\/p>\n","protected":false},"author":1,"featured_media":173,"parent":0,"menu_order":20,"comment_status":"closed","ping_status":"closed","template":"templates\/custom-what-we-do.php","meta":[],"acf":[],"_links":{"self":[{"href":"https:\/\/acaoeducativa.org.br\/es\/wp-json\/wp\/v2\/pages\/23"}],"collection":[{"href":"https:\/\/acaoeducativa.org.br\/es\/wp-json\/wp\/v2\/pages"}],"about":[{"href":"https:\/\/acaoeducativa.org.br\/es\/wp-json\/wp\/v2\/types\/page"}],"author":[{"embeddable":true,"href":"https:\/\/acaoeducativa.org.br\/es\/wp-json\/wp\/v2\/users\/1"}],"replies":[{"embeddable":true,"href":"https:\/\/acaoeducativa.org.br\/es\/wp-json\/wp\/v2\/comments?post=23"}],"version-history":[{"count":3,"href":"https:\/\/acaoeducativa.org.br\/es\/wp-json\/wp\/v2\/pages\/23\/revisions"}],"predecessor-version":[{"id":434,"href":"https:\/\/acaoeducativa.org.br\/es\/wp-json\/wp\/v2\/pages\/23\/revisions\/434"}],"wp:featuredmedia":[{"embeddable":true,"href":"https:\/\/acaoeducativa.org.br\/es\/wp-json\/wp\/v2\/media\/173"}],"wp:attachment":[{"href":"https:\/\/acaoeducativa.org.br\/es\/wp-json\/wp\/v2\/media?parent=23"}],"curies":[{"name":"wp","href":"https:\/\/api.w.org\/{rel}","templated":true}]}}