{"id":25,"date":"2017-02-24T13:33:41","date_gmt":"2017-02-24T16:33:41","guid":{"rendered":"http:\/\/acaoeducativa.org.br\/es\/?page_id=25"},"modified":"2017-03-07T12:05:49","modified_gmt":"2017-03-07T15:05:49","slug":"proyectos","status":"publish","type":"page","link":"https:\/\/acaoeducativa.org.br\/es\/proyectos\/","title":{"rendered":"Proyectos"},"content":{"rendered":"<p>Integrando los tres campos de intervenci\u00f3n \u2013 cultura, educaci\u00f3n y juventud \u2013 A\u00e7\u00e3o Educativa desarrolla proyectos y programas a partir de un tr\u00edpode experimentaci\u00f3n, producci\u00f3n de conocimiento e incidencia en pol\u00edticas p\u00fablicas. Vea nuestras principales acciones.<\/p>\n","protected":false},"excerpt":{"rendered":"<p>Integrando los tres campos de intervenci\u00f3n \u2013 cultura, educaci\u00f3n y juventud \u2013 A\u00e7\u00e3o Educativa desarrolla proyectos y programas a partir de un tr\u00edpode experimentaci\u00f3n, producci\u00f3n de conocimiento e incidencia en pol\u00edticas p\u00fablicas. Vea nuestras principales acciones.<\/p>\n","protected":false},"author":1,"featured_media":258,"parent":0,"menu_order":30,"comment_status":"closed","ping_status":"closed","template":"templates\/custom-projects.php","meta":[],"acf":[],"_links":{"self":[{"href":"https:\/\/acaoeducativa.org.br\/es\/wp-json\/wp\/v2\/pages\/25"}],"collection":[{"href":"https:\/\/acaoeducativa.org.br\/es\/wp-json\/wp\/v2\/pages"}],"about":[{"href":"https:\/\/acaoeducativa.org.br\/es\/wp-json\/wp\/v2\/types\/page"}],"author":[{"embeddable":true,"href":"https:\/\/acaoeducativa.org.br\/es\/wp-json\/wp\/v2\/users\/1"}],"replies":[{"embeddable":true,"href":"https:\/\/acaoeducativa.org.br\/es\/wp-json\/wp\/v2\/comments?post=25"}],"version-history":[{"count":2,"href":"https:\/\/acaoeducativa.org.br\/es\/wp-json\/wp\/v2\/pages\/25\/revisions"}],"predecessor-version":[{"id":442,"href":"https:\/\/acaoeducativa.org.br\/es\/wp-json\/wp\/v2\/pages\/25\/revisions\/442"}],"wp:featuredmedia":[{"embeddable":true,"href":"https:\/\/acaoeducativa.org.br\/es\/wp-json\/wp\/v2\/media\/258"}],"wp:attachment":[{"href":"https:\/\/acaoeducativa.org.br\/es\/wp-json\/wp\/v2\/media?parent=25"}],"curies":[{"name":"wp","href":"https:\/\/api.w.org\/{rel}","templated":true}]}}