{"id":27,"date":"2017-02-24T13:34:54","date_gmt":"2017-02-24T16:34:54","guid":{"rendered":"http:\/\/acaoeducativa.org.br\/es\/?page_id=27"},"modified":"2017-03-13T10:29:05","modified_gmt":"2017-03-13T13:29:05","slug":"nuestro-espacio","status":"publish","type":"page","link":"https:\/\/acaoeducativa.org.br\/es\/nuestro-espacio\/","title":{"rendered":"Nuestro espacio"},"content":{"rendered":"<p>El Espacio Cultural Periferia en el Centro \u2013 tambi\u00e9n conocido como el peque\u00f1o edificio de A\u00e7\u00e3o Educativa\u2013 es un lugar de muchos encuentros. Miles de j\u00f3venes, activistas, artistas y educadores ocupan sus dependencias para compartir conocimientos y experiencias art\u00edsticas o aun desarrollar proyectos de intervenci\u00f3n social.<\/p>\n<p>El Espacio ofrece una programaci\u00f3n mensual enriquecedora y diversa de presentaciones art\u00edsticas, exposiciones, cursos, conferencias y debates. Organizaciones que quieran realizar sus actividades en nuestro espacio pueden contar con salas bien amuebladas, equipos y servicios de proyecci\u00f3n, grabaci\u00f3n y transmisi\u00f3n en l\u00ednea, adem\u00e1s de servicios de alimentaci\u00f3n.<\/p>\n","protected":false},"excerpt":{"rendered":"<p>El Espacio Cultural Periferia en el Centro \u2013 tambi\u00e9n conocido como el peque\u00f1o edificio de A\u00e7\u00e3o Educativa\u2013 es un lugar de muchos encuentros. Miles de j\u00f3venes, activistas, artistas y educadores ocupan sus dependencias para compartir conocimientos y experiencias art\u00edsticas o aun desarrollar proyectos de intervenci\u00f3n social. El Espacio ofrece una programaci\u00f3n mensual enriquecedora y diversa [&hellip;]<\/p>\n","protected":false},"author":1,"featured_media":270,"parent":0,"menu_order":50,"comment_status":"closed","ping_status":"closed","template":"templates\/custom-our-space.php","meta":[],"acf":[],"_links":{"self":[{"href":"https:\/\/acaoeducativa.org.br\/es\/wp-json\/wp\/v2\/pages\/27"}],"collection":[{"href":"https:\/\/acaoeducativa.org.br\/es\/wp-json\/wp\/v2\/pages"}],"about":[{"href":"https:\/\/acaoeducativa.org.br\/es\/wp-json\/wp\/v2\/types\/page"}],"author":[{"embeddable":true,"href":"https:\/\/acaoeducativa.org.br\/es\/wp-json\/wp\/v2\/users\/1"}],"replies":[{"embeddable":true,"href":"https:\/\/acaoeducativa.org.br\/es\/wp-json\/wp\/v2\/comments?post=27"}],"version-history":[{"count":4,"href":"https:\/\/acaoeducativa.org.br\/es\/wp-json\/wp\/v2\/pages\/27\/revisions"}],"predecessor-version":[{"id":468,"href":"https:\/\/acaoeducativa.org.br\/es\/wp-json\/wp\/v2\/pages\/27\/revisions\/468"}],"wp:featuredmedia":[{"embeddable":true,"href":"https:\/\/acaoeducativa.org.br\/es\/wp-json\/wp\/v2\/media\/270"}],"wp:attachment":[{"href":"https:\/\/acaoeducativa.org.br\/es\/wp-json\/wp\/v2\/media?parent=27"}],"curies":[{"name":"wp","href":"https:\/\/api.w.org\/{rel}","templated":true}]}}