{"id":30,"date":"2017-02-24T13:43:32","date_gmt":"2017-02-24T16:43:32","guid":{"rendered":"http:\/\/acaoeducativa.org.br\/es\/?page_id=30"},"modified":"2017-03-08T10:09:48","modified_gmt":"2017-03-08T13:09:48","slug":"ponte-en-accion","status":"publish","type":"page","link":"https:\/\/acaoeducativa.org.br\/es\/ponte-en-accion\/","title":{"rendered":"Ponte en acci\u00f3n"},"content":{"rendered":"<p>Hay muchas formas de contribuir con A\u00e7\u00e3o Educativa: por intermedio de donaciones financieras, diseminando nuestras producciones o apoy\u00e1ndonos en actividades espec\u00edficas.<\/p>\n<p>Siga nuestras acciones en el sitio electr\u00f3nico y redes sociales. Comparta los contenidos, interaccione con nosotros, participe de las actividades y formaciones. \u00a1Contamos con su contribuci\u00f3n!<\/p>\n","protected":false},"excerpt":{"rendered":"<p>Hay muchas formas de contribuir con A\u00e7\u00e3o Educativa: por intermedio de donaciones financieras, diseminando nuestras producciones o apoy\u00e1ndonos en actividades espec\u00edficas. Siga nuestras acciones en el sitio electr\u00f3nico y redes sociales. Comparta los contenidos, interaccione con nosotros, participe de las actividades y formaciones. \u00a1Contamos con su contribuci\u00f3n!<\/p>\n","protected":false},"author":1,"featured_media":273,"parent":0,"menu_order":70,"comment_status":"closed","ping_status":"closed","template":"templates\/custom-take-action.php","meta":[],"acf":[],"_links":{"self":[{"href":"https:\/\/acaoeducativa.org.br\/es\/wp-json\/wp\/v2\/pages\/30"}],"collection":[{"href":"https:\/\/acaoeducativa.org.br\/es\/wp-json\/wp\/v2\/pages"}],"about":[{"href":"https:\/\/acaoeducativa.org.br\/es\/wp-json\/wp\/v2\/types\/page"}],"author":[{"embeddable":true,"href":"https:\/\/acaoeducativa.org.br\/es\/wp-json\/wp\/v2\/users\/1"}],"replies":[{"embeddable":true,"href":"https:\/\/acaoeducativa.org.br\/es\/wp-json\/wp\/v2\/comments?post=30"}],"version-history":[{"count":3,"href":"https:\/\/acaoeducativa.org.br\/es\/wp-json\/wp\/v2\/pages\/30\/revisions"}],"predecessor-version":[{"id":455,"href":"https:\/\/acaoeducativa.org.br\/es\/wp-json\/wp\/v2\/pages\/30\/revisions\/455"}],"wp:featuredmedia":[{"embeddable":true,"href":"https:\/\/acaoeducativa.org.br\/es\/wp-json\/wp\/v2\/media\/273"}],"wp:attachment":[{"href":"https:\/\/acaoeducativa.org.br\/es\/wp-json\/wp\/v2\/media?parent=30"}],"curies":[{"name":"wp","href":"https:\/\/api.w.org\/{rel}","templated":true}]}}