{"id":53,"date":"2017-02-24T14:18:33","date_gmt":"2017-02-24T17:18:33","guid":{"rendered":"http:\/\/acaoeducativa.org.br\/es\/?page_id=53"},"modified":"2017-03-07T11:59:56","modified_gmt":"2017-03-07T14:59:56","slug":"historia","status":"publish","type":"page","link":"https:\/\/acaoeducativa.org.br\/es\/sobre-nosotros\/historia\/","title":{"rendered":"Historia"},"content":{"rendered":"<p>Teniendo como origen la educaci\u00f3n popular, la A\u00e7\u00e3o Educativa hizo su historia conectando la educaci\u00f3n con la cultura y reconociendo los\/las j\u00f3venes como sujetos de derechos.<\/p>\n<p>La A\u00e7\u00e3o Educativa naci\u00f3 en el Centro Ecum\u00eanico de Documenta\u00e7\u00e3o e Informa\u00e7\u00e3o (CEDI), organizaci\u00f3n que en las d\u00e9cadas de 1970 y 1980 ha participado en la lucha por la redemocratizaci\u00f3n del pa\u00eds apoyando la organizaci\u00f3n de movimientos populares. En los a\u00f1os 80, el CEDI reuni\u00f3 un equipo voluntario que produjo un manual de alfabetizaci\u00f3n para los extractores de caucho en Acre. Muchos otros trabajos de educaci\u00f3n popular se siguieron y la lucha por la educaci\u00f3n p\u00fablica, especialmente para j\u00f3venes y adultos, se ha ganado espacio en la agenda. Cuando el CEDI finaliz\u00f3 sus actividades, en 1994, el equipo de educaci\u00f3n ampli\u00f3 se expandi\u00f3\u00a0y constituy\u00f3 la A\u00e7\u00e3o Educativa, agregando el tema de la Juventud. Los j\u00f3venes, a su vez, impusieron la cultura como dimensi\u00f3n central en nuestra acci\u00f3n.<\/p>\n","protected":false},"excerpt":{"rendered":"<p>Teniendo como origen la educaci\u00f3n popular, la A\u00e7\u00e3o Educativa hizo su historia conectando la educaci\u00f3n con la cultura y reconociendo los\/las j\u00f3venes como sujetos de derechos. La A\u00e7\u00e3o Educativa naci\u00f3 en el Centro Ecum\u00eanico de Documenta\u00e7\u00e3o e Informa\u00e7\u00e3o (CEDI), organizaci\u00f3n que en las d\u00e9cadas de 1970 y 1980 ha participado en la lucha por la [&hellip;]<\/p>\n","protected":false},"author":1,"featured_media":251,"parent":19,"menu_order":10,"comment_status":"closed","ping_status":"closed","template":"templates\/custom-about-history.php","meta":[],"acf":[],"_links":{"self":[{"href":"https:\/\/acaoeducativa.org.br\/es\/wp-json\/wp\/v2\/pages\/53"}],"collection":[{"href":"https:\/\/acaoeducativa.org.br\/es\/wp-json\/wp\/v2\/pages"}],"about":[{"href":"https:\/\/acaoeducativa.org.br\/es\/wp-json\/wp\/v2\/types\/page"}],"author":[{"embeddable":true,"href":"https:\/\/acaoeducativa.org.br\/es\/wp-json\/wp\/v2\/users\/1"}],"replies":[{"embeddable":true,"href":"https:\/\/acaoeducativa.org.br\/es\/wp-json\/wp\/v2\/comments?post=53"}],"version-history":[{"count":4,"href":"https:\/\/acaoeducativa.org.br\/es\/wp-json\/wp\/v2\/pages\/53\/revisions"}],"predecessor-version":[{"id":438,"href":"https:\/\/acaoeducativa.org.br\/es\/wp-json\/wp\/v2\/pages\/53\/revisions\/438"}],"up":[{"embeddable":true,"href":"https:\/\/acaoeducativa.org.br\/es\/wp-json\/wp\/v2\/pages\/19"}],"wp:featuredmedia":[{"embeddable":true,"href":"https:\/\/acaoeducativa.org.br\/es\/wp-json\/wp\/v2\/media\/251"}],"wp:attachment":[{"href":"https:\/\/acaoeducativa.org.br\/es\/wp-json\/wp\/v2\/media?parent=53"}],"curies":[{"name":"wp","href":"https:\/\/api.w.org\/{rel}","templated":true}]}}